{"id":2177,"date":"2022-02-20T05:44:47","date_gmt":"2022-02-20T04:44:47","guid":{"rendered":"https:\/\/together4ghana.org\/kontakt\/"},"modified":"2024-08-23T14:32:50","modified_gmt":"2024-08-23T13:32:50","slug":"kontakt","status":"publish","type":"page","link":"https:\/\/together4ghana.org\/de\/ueber-uns\/kontakt\/","title":{"rendered":"Kontakt"},"content":{"rendered":"\n<div style=\"height:100px\" aria-hidden=\"true\" class=\"wp-block-spacer\"><\/div>\n\n<div class=\"wp-block-columns is-layout-flex wp-container-core-columns-is-layout-28f84493 wp-block-columns-is-layout-flex\">\n<div class=\"wp-block-column is-layout-flow wp-block-column-is-layout-flow\">\n<h5 class=\"wp-block-heading\">Melde dich bei uns<\/h5>\n\n\n\n<h2 class=\"wp-block-heading has-text-align-left\">Sende uns deinen Feedback zu<\/h2>\n\n\n\n<p>Als engagierte Freiwillige sind wir fest entschlossen, die Welt zu einem besseren Ort zu machen und einen positiven Wandel zu bewirken. Durch Zusammenarbeit und das Zusammenf\u00fchren von Gemeinschaften streben wir nach einem positiven Wandel. Sei Teil unserer Mission, gemeinsam eine bessere Zukunft aufzubauen und nachhaltig etwas zu bewirken. Kontaktiere uns, um mehr zu erfahren.<\/p>\n\n\n\n<h6 class=\"wp-block-heading has-medium-font-size\">Together For Ghana e.V.<\/h6>\n\n\n\n<p>M\u00fcnchen<\/p>\n\n\n\n<p><a href=\"tel:+491624191060\" target=\"_blank\" rel=\"noreferrer noopener\">+49 1624191060<\/a><\/p>\n\n\n\n<p><a href=\"mailto:contact@together4ghana.org\" data-type=\"mailto\" data-id=\"mailto:contact@together4ghana.org\">contact@together4ghana.org<\/a><\/p>\n<\/div>\n\n\n\n<div class=\"wp-block-column is-layout-flow wp-block-column-is-layout-flow\" style=\"border-style:none;border-width:0px\">\n<div class=\"wp-block-contact-form-7-contact-form-selector\">\n<div class=\"wpcf7 no-js\" id=\"wpcf7-f2172-o1\" lang=\"de-DE\" dir=\"ltr\" data-wpcf7-id=\"2172\">\n<div class=\"screen-reader-response\"><p role=\"status\" aria-live=\"polite\" aria-atomic=\"true\"><\/p> <ul><\/ul><\/div>\n<form action=\"\/de\/wp-json\/wp\/v2\/pages\/2177#wpcf7-f2172-o1\" method=\"post\" class=\"wpcf7-form init\" aria-label=\"Kontaktformular\" novalidate=\"novalidate\" data-status=\"init\">\n<div style=\"display: none;\">\n<input type=\"hidden\" name=\"_wpcf7\" value=\"2172\" \/>\n<input type=\"hidden\" name=\"_wpcf7_version\" value=\"6.0.6\" \/>\n<input type=\"hidden\" name=\"_wpcf7_locale\" value=\"de_DE\" \/>\n<input type=\"hidden\" name=\"_wpcf7_unit_tag\" value=\"wpcf7-f2172-o1\" \/>\n<input type=\"hidden\" name=\"_wpcf7_container_post\" value=\"0\" \/>\n<input type=\"hidden\" name=\"_wpcf7_posted_data_hash\" value=\"\" \/>\n<input type=\"hidden\" name=\"_wpcf7_recaptcha_response\" value=\"\" \/>\n<\/div>\n<p><label> Name<br \/>\n<span class=\"wpcf7-form-control-wrap\" data-name=\"your-name\"><input size=\"40\" maxlength=\"400\" class=\"wpcf7-form-control wpcf7-text wpcf7-validates-as-required\" autocomplete=\"name\" aria-required=\"true\" aria-invalid=\"false\" value=\"\" type=\"text\" name=\"your-name\" \/><\/span> <\/label>\n<\/p>\n<p><label> E-Mail<br \/>\n<span class=\"wpcf7-form-control-wrap\" data-name=\"your-email\"><input size=\"40\" maxlength=\"400\" class=\"wpcf7-form-control wpcf7-email wpcf7-validates-as-required wpcf7-text wpcf7-validates-as-email\" autocomplete=\"email\" aria-required=\"true\" aria-invalid=\"false\" value=\"\" type=\"email\" name=\"your-email\" \/><\/span> <\/label>\n<\/p>\n<p><label> Betreff<br \/>\n<span class=\"wpcf7-form-control-wrap\" data-name=\"your-subject\"><input size=\"40\" maxlength=\"400\" class=\"wpcf7-form-control wpcf7-text wpcf7-validates-as-required\" aria-required=\"true\" aria-invalid=\"false\" value=\"\" type=\"text\" name=\"your-subject\" \/><\/span> <\/label>\n<\/p>\n<p><label> Nachricht<br \/>\n<span class=\"wpcf7-form-control-wrap\" data-name=\"your-message\"><textarea cols=\"40\" rows=\"10\" maxlength=\"2000\" class=\"wpcf7-form-control wpcf7-textarea\" aria-invalid=\"false\" name=\"your-message\"><\/textarea><\/span> <\/label>\n<\/p>\n<p><input class=\"wpcf7-form-control wpcf7-submit has-spinner\" type=\"submit\" value=\"Submit\" \/>\n<\/p><div class=\"wpcf7-response-output\" aria-hidden=\"true\"><\/div>\n<\/form>\n<\/div>\n<\/div>\n<\/div>\n<\/div>\n\n<div style=\"height:100px\" aria-hidden=\"true\" class=\"wp-block-spacer\"><\/div>\n\n<div class=\"wp-block-cover alignfull\"><span aria-hidden=\"true\" class=\"wp-block-cover__background has-background-dim\"><\/span><img loading=\"lazy\" decoding=\"async\" width=\"1200\" height=\"800\" class=\"wp-block-cover__image-background wp-image-1825\" alt=\"\" src=\"https:\/\/together4ghana.org\/wp-content\/uploads\/2023\/03\/about-hero-Copy.jpg\" data-object-fit=\"cover\" srcset=\"https:\/\/together4ghana.org\/wp-content\/uploads\/2023\/03\/about-hero-Copy.jpg 1200w, https:\/\/together4ghana.org\/wp-content\/uploads\/2023\/03\/about-hero-Copy-300x200.jpg 300w, https:\/\/together4ghana.org\/wp-content\/uploads\/2023\/03\/about-hero-Copy-1024x683.jpg 1024w, https:\/\/together4ghana.org\/wp-content\/uploads\/2023\/03\/about-hero-Copy-768x512.jpg 768w\" sizes=\"auto, (max-width: 1200px) 100vw, 1200px\" \/><div class=\"wp-block-cover__inner-container is-layout-flow wp-block-cover-is-layout-flow\">\n<div style=\"height:100px\" aria-hidden=\"true\" class=\"wp-block-spacer\"><\/div>\n\n\n\n<div class=\"wp-block-buttons is-layout-flex wp-block-buttons-is-layout-flex\"><\/div>\n\n\n\n<div class=\"wp-block-columns are-vertically-aligned-center is-layout-flex wp-container-core-columns-is-layout-28f84493 wp-block-columns-is-layout-flex\">\n<div class=\"wp-block-column is-vertically-aligned-center is-layout-flow wp-block-column-is-layout-flow\">\n<h5 class=\"wp-block-heading\">Werde Unterst\u00fctzer:In<\/h5>\n\n\n\n<h2 class=\"wp-block-heading\">Gemeinsam eine bessere Zukunft gestalten<\/h2>\n\n\n\n<p>Mach mit und setze ein Zeichen! Mit deiner Unterst\u00fctzung hilfst du uns, dringend ben\u00f6tigte Gesundheitsversorgung, Bildung und Ressourcen in unterversorgte Gemeinden zu bringen. Gemeinsam k\u00f6nnen wir nachhaltige Ver\u00e4nderungen bewirken und dort Hoffnung schenken, wo sie am meisten gebraucht wird. Jeder Beitrag z\u00e4hlt \u2013 und du kannst den Unterschied machen!<\/p>\n\n\n\n<div class=\"wp-block-buttons is-layout-flex wp-block-buttons-is-layout-flex\">\n<div class=\"wp-block-button\"><a class=\"wp-block-button__link wp-element-button\">Jetzt Spenden<\/a><\/div>\n<\/div>\n<\/div>\n\n\n\n<div class=\"wp-block-column is-vertically-aligned-center is-layout-flow wp-block-column-is-layout-flow\"><\/div>\n<\/div>\n\n\n\n<div style=\"height:100px\" aria-hidden=\"true\" class=\"wp-block-spacer\"><\/div>\n<\/div><\/div>\n","protected":false},"excerpt":{"rendered":"<p>Melde dich bei uns Sende uns deinen Feedback zu Als engagierte Freiwillige sind wir fest entschlossen, die Welt zu einem besseren Ort zu machen und einen positiven Wandel zu bewirken. Durch Zusammenarbeit und das Zusammenf\u00fchren von Gemeinschaften streben wir nach einem positiven Wandel. Sei Teil unserer Mission, gemeinsam eine bessere Zukunft aufzubauen und nachhaltig etwas [&hellip;]<\/p>\n","protected":false},"author":1,"featured_media":0,"parent":2179,"menu_order":0,"comment_status":"closed","ping_status":"closed","template":"","meta":{"_acf_changed":false,"footnotes":""},"class_list":["post-2177","page","type-page","status-publish","hentry"],"blocksy_meta":{"styles_descriptor":{"styles":{"desktop":"","tablet":"","mobile":""},"google_fonts":[],"version":6}},"acf":[],"_links":{"self":[{"href":"https:\/\/together4ghana.org\/de\/wp-json\/wp\/v2\/pages\/2177","targetHints":{"allow":["GET"]}}],"collection":[{"href":"https:\/\/together4ghana.org\/de\/wp-json\/wp\/v2\/pages"}],"about":[{"href":"https:\/\/together4ghana.org\/de\/wp-json\/wp\/v2\/types\/page"}],"author":[{"embeddable":true,"href":"https:\/\/together4ghana.org\/de\/wp-json\/wp\/v2\/users\/1"}],"replies":[{"embeddable":true,"href":"https:\/\/together4ghana.org\/de\/wp-json\/wp\/v2\/comments?post=2177"}],"version-history":[{"count":2,"href":"https:\/\/together4ghana.org\/de\/wp-json\/wp\/v2\/pages\/2177\/revisions"}],"predecessor-version":[{"id":2885,"href":"https:\/\/together4ghana.org\/de\/wp-json\/wp\/v2\/pages\/2177\/revisions\/2885"}],"up":[{"embeddable":true,"href":"https:\/\/together4ghana.org\/de\/wp-json\/wp\/v2\/pages\/2179"}],"wp:attachment":[{"href":"https:\/\/together4ghana.org\/de\/wp-json\/wp\/v2\/media?parent=2177"}],"curies":[{"name":"wp","href":"https:\/\/api.w.org\/{rel}","templated":true}]}}