{"id":2179,"date":"2022-02-19T16:51:00","date_gmt":"2022-02-19T15:51:00","guid":{"rendered":"https:\/\/together4ghana.org\/ueber-uns\/"},"modified":"2024-12-10T16:49:03","modified_gmt":"2024-12-10T15:49:03","slug":"ueber-uns","status":"publish","type":"page","link":"https:\/\/together4ghana.org\/de\/ueber-uns\/","title":{"rendered":"\u00dcber Uns"},"content":{"rendered":"\n<div class=\"wp-block-cover alignfull add-remove-bottom-space\"><span aria-hidden=\"true\" class=\"wp-block-cover__background has-palette-color-6-background-color has-background-dim-100 has-background-dim\"><\/span><div class=\"wp-block-cover__inner-container is-layout-flow wp-block-cover-is-layout-flow\">\n<div style=\"height:100px\" aria-hidden=\"true\" class=\"wp-block-spacer\"><\/div>\n\n\n\n<h2 class=\"wp-block-heading has-text-align-center has-palette-color-1-color has-text-color\">Unser Impact In Zahlen<\/h2>\n\n\n\n<p class=\"has-text-align-center has-palette-color-3-color has-text-color\">Wir sind stolz auf das, was wir bisher erreicht haben, aber wir wissen, dass noch viel Arbeit vor uns liegt. Hier sind einige unserer bisherigen Erfolge, und wir sind entschlossen, auch in Zukunft weiterhin positive Ver\u00e4nderungen zu bewirken.<\/p>\n\n\n\n<div style=\"height:65px\" aria-hidden=\"true\" class=\"wp-block-spacer\"><\/div>\n\n\n\n<div class=\"wp-block-columns is-layout-flex wp-container-core-columns-is-layout-28f84493 wp-block-columns-is-layout-flex\">\n<div class=\"wp-block-column is-layout-flow wp-block-column-is-layout-flow\">\n<figure class=\"wp-block-image aligncenter is-resized\"><img decoding=\"async\" src=\"https:\/\/demo.creativethemes.com\/blocksy\/charity\/wp-content\/uploads\/2022\/04\/about-icon-1.svg\" alt=\"\" class=\"wp-image-942\" style=\"width:100px;height:100px\"\/><\/figure>\n\n\n\n<h2 class=\"wp-block-heading has-text-align-center t4g-stat has-palette-color-1-color has-text-color has-x-large-font-size\">12<\/h2>\n\n\n\n<h4 class=\"wp-block-heading has-text-align-center has-palette-color-3-color has-text-color\">Gemeinden Unterst\u00fctzt<\/h4>\n<\/div>\n\n\n\n<div class=\"wp-block-column is-layout-flow wp-block-column-is-layout-flow\">\n<figure class=\"wp-block-image aligncenter is-resized\"><img decoding=\"async\" src=\"https:\/\/demo.creativethemes.com\/blocksy\/charity\/wp-content\/uploads\/2022\/04\/about-icon-2.svg\" alt=\"\" class=\"wp-image-943\" style=\"width:100px;height:100px\"\/><\/figure>\n\n\n\n<h2 class=\"wp-block-heading has-text-align-center t4g-stat has-palette-color-1-color has-text-color has-x-large-font-size\">20000<\/h2>\n\n\n\n<h4 class=\"wp-block-heading has-text-align-center has-palette-color-3-color has-text-color\">\u20ac in erhaltenen Spenden<\/h4>\n<\/div>\n\n\n\n<div class=\"wp-block-column is-layout-flow wp-block-column-is-layout-flow\">\n<figure class=\"wp-block-image aligncenter is-resized\"><img decoding=\"async\" src=\"https:\/\/together4ghana.org\/wp-content\/uploads\/2023\/03\/about-icon-4.svg\" alt=\"\" class=\"wp-image-942\" style=\"width:100px;height:100px\"\/><\/figure>\n\n\n\n<h2 class=\"wp-block-heading has-text-align-center t4g-stat has-palette-color-1-color has-text-color has-x-large-font-size\">8<\/h2>\n\n\n\n<h4 class=\"wp-block-heading has-text-align-center has-palette-color-3-color has-text-color\">Abgeschlossene Projekte<\/h4>\n<\/div>\n\n\n\n<div class=\"wp-block-column is-layout-flow wp-block-column-is-layout-flow\">\n<figure class=\"wp-block-image aligncenter is-resized\"><img decoding=\"async\" src=\"https:\/\/together4ghana.org\/wp-content\/uploads\/2023\/03\/about-icon-3.svg\" alt=\"\" class=\"wp-image-943\" style=\"width:100px;height:100px\"\/><\/figure>\n\n\n\n<h2 class=\"wp-block-heading has-text-align-center t4g-stat has-palette-color-1-color has-text-color has-x-large-font-size\">28<\/h2>\n\n\n\n<h4 class=\"wp-block-heading has-text-align-center has-palette-color-3-color has-text-color\">Erf\u00fcllte Initiativen<\/h4>\n<\/div>\n<\/div>\n\n\n\n<div style=\"height:100px\" aria-hidden=\"true\" class=\"wp-block-spacer\"><\/div>\n<\/div><\/div>\n\n<div style=\"height:100px\" aria-hidden=\"true\" class=\"wp-block-spacer\"><\/div>\n\n<div class=\"wp-block-columns are-vertically-aligned-center is-layout-flex wp-container-core-columns-is-layout-28f84493 wp-block-columns-is-layout-flex\">\n<div class=\"wp-block-column is-vertically-aligned-center is-layout-flow wp-block-column-is-layout-flow\" style=\"flex-basis:50%\">\n<h2 class=\"wp-block-heading\">Wir Sind Gemeinn\u00fctzig<\/h2>\n\n\n\n<p>Willkommen bei Together4Ghana, einer dynamischen medizinischen Non-Profit-Organisation, die von einer Gruppe engagierter Medizinstudenten und \u00c4rzte gegr\u00fcndet wurde, inspiriert durch ihre pr\u00e4genden Erfahrungen w\u00e4hrend eines Praktikums in den Afram Plains in Ghana. Angetrieben von dem gemeinsamen Engagement, gesundheitliche Ungleichheiten in l\u00e4ndlichen Gebieten zu bek\u00e4mpfen, haben wir eine Partnerschaft mit dem Krankenhaus in Donkorkrom, Ghana, aufgebaut, wo begrenzte Ressourcen und kulturelle Unterschiede erhebliche Herausforderungen darstellen. Unsere Mission konzentriert sich darauf, Spenden f\u00fcr medizinische Ausr\u00fcstung zu sichern, um die Gesundheitsinfrastruktur in Donkorkrom zu unterst\u00fctzen. Dar\u00fcber hinaus organisieren und f\u00fchren wir medizinische Outreach-Programme durch, um bed\u00fcrftigen Menschen in abgelegenen Gemeinden grundlegende Gesundheitsdienste bereitzustellen, die durch traditionelle Gesundheitszentren schwer zug\u00e4nglich sind. Durch die Sammlung von Spenden m\u00f6chten wir zur Entwicklung und Erweiterung der medizinischen Versorgung in den Afram Plains von Ghana beitragen. Begleite uns auf unserer Mission, um die Gesundheitsversorgung in benachteiligten Gemeinden nachhaltig zu verbessern und einen echten Unterschied zu machen.<\/p>\n<\/div>\n\n\n\n<div class=\"wp-block-column is-vertically-aligned-center is-layout-flow wp-block-column-is-layout-flow\" style=\"flex-basis:50%\">\n<figure class=\"wp-block-image aligncenter size-full has-custom-border\"><img loading=\"lazy\" decoding=\"async\" width=\"1008\" height=\"490\" src=\"https:\/\/together4ghana.org\/wp-content\/uploads\/2023\/12\/IMG-20220811-WA0011-1.jpg\" alt=\"\" class=\"wp-image-2650\" style=\"border-width:3px;border-radius:10px;aspect-ratio:4\/3;object-fit:cover\" srcset=\"https:\/\/together4ghana.org\/wp-content\/uploads\/2023\/12\/IMG-20220811-WA0011-1.jpg 1008w, https:\/\/together4ghana.org\/wp-content\/uploads\/2023\/12\/IMG-20220811-WA0011-1-300x146.jpg 300w, https:\/\/together4ghana.org\/wp-content\/uploads\/2023\/12\/IMG-20220811-WA0011-1-768x373.jpg 768w\" sizes=\"auto, (max-width: 1008px) 100vw, 1008px\" \/><\/figure>\n<\/div>\n<\/div>\n\n<div style=\"height:100px\" aria-hidden=\"true\" class=\"wp-block-spacer\"><\/div>\n\n<div class=\"wp-block-columns are-vertically-aligned-center is-layout-flex wp-container-core-columns-is-layout-28f84493 wp-block-columns-is-layout-flex\">\n<div class=\"wp-block-column is-vertically-aligned-center is-layout-flow wp-block-column-is-layout-flow\" style=\"flex-basis:50%\">\n<figure class=\"wp-block-image alignleft size-full has-custom-border\"><img loading=\"lazy\" decoding=\"async\" width=\"800\" height=\"600\" src=\"https:\/\/together4ghana.org\/wp-content\/uploads\/2023\/03\/perry-grone-lbLgFFlADrY-unsplash-1.jpg\" alt=\"\" class=\"wp-image-1865\" style=\"border-width:3px;border-radius:10px\" srcset=\"https:\/\/together4ghana.org\/wp-content\/uploads\/2023\/03\/perry-grone-lbLgFFlADrY-unsplash-1.jpg 800w, https:\/\/together4ghana.org\/wp-content\/uploads\/2023\/03\/perry-grone-lbLgFFlADrY-unsplash-1-300x225.jpg 300w, https:\/\/together4ghana.org\/wp-content\/uploads\/2023\/03\/perry-grone-lbLgFFlADrY-unsplash-1-768x576.jpg 768w\" sizes=\"auto, (max-width: 800px) 100vw, 800px\" \/><\/figure>\n<\/div>\n\n\n\n<div class=\"wp-block-column is-vertically-aligned-center is-layout-flow wp-block-column-is-layout-flow\" style=\"flex-basis:50%\">\n<h2 class=\"wp-block-heading has-palette-color-3-color has-text-color\">Wir Sind Ein Starkes Team<\/h2>\n\n\n\n<p>Bei Together4Ghana setzen wir auf die Kraft der Gemeinschaft und Zusammenarbeit. Wir sind kein loses Netzwerk von Einzelpersonen, sondern ein starkes Team, das sich mit Leidenschaft daf\u00fcr einsetzt, die Gesundheitsversorgung in benachteiligten Gemeinden zu verbessern. Unser Team besteht aus motivierten Medizinstudenten und \u00c4rzten, die zusammen Herausforderungen angehen und nachhaltige L\u00f6sungen entwickeln. Dabei bringt jeder von uns seine eigenen F\u00e4higkeiten, Erfahrungen und Blickwinkel ein \u2013 und genau das macht uns stark. Wir stehen f\u00fcr Empathie, kulturelle Sensibilit\u00e4t und ein tiefes Engagement f\u00fcr die Gemeinschaft. Schlie\u00dfen Sie sich uns an, und lassen Sie uns gemeinsam eine ges\u00fcndere, gerechtere Zukunft gestalten.<\/p>\n<\/div>\n<\/div>\n\n<div style=\"height:100px\" aria-hidden=\"true\" class=\"wp-block-spacer\"><\/div>\n\n<div class=\"wp-block-cover alignfull add-remove-bottom-space\"><span aria-hidden=\"true\" class=\"wp-block-cover__background has-background-dim\"><\/span><img loading=\"lazy\" decoding=\"async\" width=\"1200\" height=\"800\" class=\"wp-block-cover__image-background wp-image-1825\" alt=\"\" src=\"https:\/\/together4ghana.org\/wp-content\/uploads\/2023\/03\/about-hero-Copy.jpg\" data-object-fit=\"cover\" srcset=\"https:\/\/together4ghana.org\/wp-content\/uploads\/2023\/03\/about-hero-Copy.jpg 1200w, https:\/\/together4ghana.org\/wp-content\/uploads\/2023\/03\/about-hero-Copy-300x200.jpg 300w, https:\/\/together4ghana.org\/wp-content\/uploads\/2023\/03\/about-hero-Copy-1024x683.jpg 1024w, https:\/\/together4ghana.org\/wp-content\/uploads\/2023\/03\/about-hero-Copy-768x512.jpg 768w\" sizes=\"auto, (max-width: 1200px) 100vw, 1200px\" \/><div class=\"wp-block-cover__inner-container is-layout-flow wp-block-cover-is-layout-flow\">\n<div class=\"wp-block-columns is-layout-flex wp-container-core-columns-is-layout-28f84493 wp-block-columns-is-layout-flex\">\n<div class=\"wp-block-column is-layout-flow wp-block-column-is-layout-flow\">\n<div style=\"height:100px\" aria-hidden=\"true\" class=\"wp-block-spacer\"><\/div>\n\n\n\n<h5 class=\"wp-block-heading has-palette-color-1-color has-text-color\">Werde Freiwillige:r<\/h5>\n\n\n\n<h2 class=\"wp-block-heading\">Werde Teil des Netzwerks<\/h2>\n\n\n\n<p>Mach mit und bewirke etwas! Werde freiwilliger Helfer und bringe deine F\u00e4higkeiten in sinnvolle Projekte ein. Dein Engagement hilft uns, positive Ver\u00e4nderungen zu schaffen und unsere Gemeinschaft zu st\u00e4rken. Starte noch heute!<\/p>\n\n\n\n<div class=\"wp-block-buttons is-layout-flex wp-block-buttons-is-layout-flex\">\n<div class=\"wp-block-button\"><a class=\"wp-block-button__link wp-element-button\">Jetzt Bewerben<\/a><\/div>\n<\/div>\n<\/div>\n\n\n\n<div class=\"wp-block-column is-layout-flow wp-block-column-is-layout-flow\">\n<div style=\"height:100px\" aria-hidden=\"true\" class=\"wp-block-spacer\"><\/div>\n<\/div>\n<\/div>\n\n\n\n<div style=\"height:100px\" aria-hidden=\"true\" class=\"wp-block-spacer\"><\/div>\n<\/div><\/div>\n","protected":false},"excerpt":{"rendered":"<p>Wir Sind Gemeinn\u00fctzig Willkommen bei Together4Ghana, einer dynamischen medizinischen Non-Profit-Organisation, die von einer Gruppe engagierter Medizinstudenten und \u00c4rzte gegr\u00fcndet wurde, inspiriert durch ihre pr\u00e4genden Erfahrungen w\u00e4hrend eines Praktikums in den Afram Plains in Ghana. Angetrieben von dem gemeinsamen Engagement, gesundheitliche Ungleichheiten in l\u00e4ndlichen Gebieten zu bek\u00e4mpfen, haben wir eine Partnerschaft mit dem Krankenhaus in Donkorkrom, [&hellip;]<\/p>\n","protected":false},"author":1,"featured_media":0,"parent":0,"menu_order":0,"comment_status":"closed","ping_status":"closed","template":"","meta":{"_acf_changed":false,"footnotes":""},"class_list":["post-2179","page","type-page","status-publish","hentry"],"blocksy_meta":{"styles_descriptor":{"styles":{"desktop":"","tablet":"","mobile":""},"google_fonts":[],"version":6}},"acf":[],"_links":{"self":[{"href":"https:\/\/together4ghana.org\/de\/wp-json\/wp\/v2\/pages\/2179","targetHints":{"allow":["GET"]}}],"collection":[{"href":"https:\/\/together4ghana.org\/de\/wp-json\/wp\/v2\/pages"}],"about":[{"href":"https:\/\/together4ghana.org\/de\/wp-json\/wp\/v2\/types\/page"}],"author":[{"embeddable":true,"href":"https:\/\/together4ghana.org\/de\/wp-json\/wp\/v2\/users\/1"}],"replies":[{"embeddable":true,"href":"https:\/\/together4ghana.org\/de\/wp-json\/wp\/v2\/comments?post=2179"}],"version-history":[{"count":8,"href":"https:\/\/together4ghana.org\/de\/wp-json\/wp\/v2\/pages\/2179\/revisions"}],"predecessor-version":[{"id":2805,"href":"https:\/\/together4ghana.org\/de\/wp-json\/wp\/v2\/pages\/2179\/revisions\/2805"}],"wp:attachment":[{"href":"https:\/\/together4ghana.org\/de\/wp-json\/wp\/v2\/media?parent=2179"}],"curies":[{"name":"wp","href":"https:\/\/api.w.org\/{rel}","templated":true}]}}