{"id":2196,"date":"2022-12-25T18:56:37","date_gmt":"2022-12-25T17:56:37","guid":{"rendered":"https:\/\/together4ghana.org\/werde-aktiv\/"},"modified":"2024-12-10T16:42:58","modified_gmt":"2024-12-10T15:42:58","slug":"werde-aktiv","status":"publish","type":"page","link":"https:\/\/together4ghana.org\/de\/werde-aktiv\/","title":{"rendered":"Werde Aktiv"},"content":{"rendered":"\n<div style=\"height:100px\" aria-hidden=\"true\" class=\"wp-block-spacer\"><\/div>\n\n<div class=\"wp-block-columns are-vertically-aligned-center t4g-blocks-content-card t4g-blocks-content-card__overlap has-palette-color-6-background-color has-background is-layout-flex wp-container-core-columns-is-layout-28f84493 wp-block-columns-is-layout-flex\" style=\"border-width:3px\">\n<div class=\"wp-block-column is-vertically-aligned-center is-layout-flow wp-block-column-is-layout-flow\">\n<h2 class=\"wp-block-heading\">1. Spende Medizinische Ausr\u00fcstung<\/h2>\n\n\n\n<p>Mit deiner Spende von medizinischen Ger\u00e4ten aller Art schenkst du uns die M\u00f6glichkeit, die Gesundheitsversorgung in den l\u00e4ndlichen Gebieten Ghanas sp\u00fcrbar zu verbessern und den Menschen dort neue Hoffnung zu geben. Durch Diagnostikwerkzeuge k\u00f6nnen medizinischen Fachkr\u00e4fte der Gemeinschaft eine noch umfassendere und zeitnahe Versorgung bieten, was den Menschen vor Ort erheblich zugutekommt.<\/p>\n\n\n\n<p>Wenn du medizinische Ger\u00e4te spendest, die in deutschen Krankenh\u00e4usern oder Arztpraxen vielleicht nicht mehr gebraucht werden, ver\u00e4nderst du direkt das Leben von Menschen, die sonst nur sehr eingeschr\u00e4nkten Zugang zu diesen lebenswichtigen Gesundheitsressourcen h\u00e4tten. Sei dabei und hilf mit deiner Spende von medizinischen Ger\u00e4ten, die Gesundheitsversorgung in unterversorgten Regionen zu verbessern und echten Wandel zu bewirken.<\/p>\n\n\n\n<div class=\"wp-block-buttons is-layout-flex wp-block-buttons-is-layout-flex\">\n<div class=\"wp-block-button\"><a class=\"wp-block-button__link wp-element-button\" href=\"https:\/\/together4ghana.org\/de\/werde-aktiv\/spenden\/medizinische-sachspenden\/\" style=\"padding-top:var(--wp--preset--spacing--40);padding-right:var(--wp--preset--spacing--40);padding-bottom:var(--wp--preset--spacing--40);padding-left:var(--wp--preset--spacing--40)\">Jetzt Spenden \ud83d\udce6<\/a><\/div>\n<\/div>\n<\/div>\n\n\n\n<div class=\"wp-block-column is-vertically-aligned-center is-layout-flow wp-block-column-is-layout-flow\">\n<figure class=\"wp-block-image size-full has-custom-border\"><img loading=\"lazy\" decoding=\"async\" width=\"600\" height=\"450\" src=\"https:\/\/together4ghana.org\/wp-content\/uploads\/2023\/03\/Defibrillator-scaled_1_optimized_1-edited.webp\" alt=\"\" class=\"wp-image-1983\" style=\"border-radius:5px\" srcset=\"https:\/\/together4ghana.org\/wp-content\/uploads\/2023\/03\/Defibrillator-scaled_1_optimized_1-edited.webp 600w, https:\/\/together4ghana.org\/wp-content\/uploads\/2023\/03\/Defibrillator-scaled_1_optimized_1-edited-300x225.webp 300w\" sizes=\"auto, (max-width: 600px) 100vw, 600px\" \/><\/figure>\n<\/div>\n<\/div>\n\n<div style=\"height:100px\" aria-hidden=\"true\" class=\"wp-block-spacer\"><\/div>\n\n<div class=\"wp-block-columns are-vertically-aligned-center has-palette-color-5-background-color has-background is-layout-flex wp-container-core-columns-is-layout-28f84493 wp-block-columns-is-layout-flex\" style=\"border-width:3px\">\n<div class=\"wp-block-column is-vertically-aligned-center is-layout-flow wp-block-column-is-layout-flow\">\n<figure class=\"wp-block-image size-full has-custom-border\"><img loading=\"lazy\" decoding=\"async\" width=\"1200\" height=\"1600\" src=\"https:\/\/together4ghana.org\/wp-content\/uploads\/2023\/12\/7cf99710-96f5-4b68-bab2-8b56675bc6c7.jpg\" alt=\"\" class=\"wp-image-2662\" style=\"border-radius:5px\" srcset=\"https:\/\/together4ghana.org\/wp-content\/uploads\/2023\/12\/7cf99710-96f5-4b68-bab2-8b56675bc6c7.jpg 1200w, https:\/\/together4ghana.org\/wp-content\/uploads\/2023\/12\/7cf99710-96f5-4b68-bab2-8b56675bc6c7-225x300.jpg 225w, https:\/\/together4ghana.org\/wp-content\/uploads\/2023\/12\/7cf99710-96f5-4b68-bab2-8b56675bc6c7-768x1024.jpg 768w, https:\/\/together4ghana.org\/wp-content\/uploads\/2023\/12\/7cf99710-96f5-4b68-bab2-8b56675bc6c7-1152x1536.jpg 1152w\" sizes=\"auto, (max-width: 1200px) 100vw, 1200px\" \/><\/figure>\n<\/div>\n\n\n\n<div class=\"wp-block-column is-vertically-aligned-center is-layout-flow wp-block-column-is-layout-flow\">\n<h2 class=\"wp-block-heading\">2. Werde Freiwilige:r <\/h2>\n\n\n\n<p>Werde Teil unseres Teams und mach einen Unterschied \u2013 werde Freiwillige:r bei Together4Ghana! Als Freiwillige:r w\u00fcrdest du eine entscheidende Rolle dabei spielen, die lokalen Gesundheitsteams in Donkorkrom, Ghana, zu unterst\u00fctzen. Diese Erfahrung bietet dir die einzigartige M\u00f6glichkeit, in ein Gesundheitssystem einzutauchen, das sich vom westlichen Modell unterscheidet. Dabei gewinnst du wertvolle Einblicke und erweiterst deinen Horizont auf eine ganz besondere Weise. Dein Engagement wird nicht nur das Leben der Menschen in Not positiv ver\u00e4ndern, sondern dir auch die Chance geben, praktische Erfahrungen zu sammeln, kulturelle Feinheiten kennenzulernen und mit einem vielf\u00e4ltigen Team von medizinischen Fachkr\u00e4ften zusammenzuarbeiten.<\/p>\n\n\n\n<div class=\"wp-block-buttons is-layout-flex wp-block-buttons-is-layout-flex\">\n<div class=\"wp-block-button\"><a class=\"wp-block-button__link has-palette-color-3-color has-palette-color-7-background-color has-text-color has-background wp-element-button\" href=\"https:\/\/together4ghana.org\/de\/werde-aktiv\/freiwilligenarbeit\/\" style=\"padding-top:var(--wp--preset--spacing--40);padding-right:var(--wp--preset--spacing--40);padding-bottom:var(--wp--preset--spacing--40);padding-left:var(--wp--preset--spacing--40)\">Jetzt Starten \ud83e\ude7a<\/a><\/div>\n<\/div>\n<\/div>\n<\/div>\n\n<div style=\"height:100px\" aria-hidden=\"true\" class=\"wp-block-spacer\"><\/div>\n\n<div class=\"wp-block-columns are-vertically-aligned-center t4g-blocks-content-card t4g-blocks-content-card__overlap has-palette-color-2-background-color has-background is-layout-flex wp-container-core-columns-is-layout-28f84493 wp-block-columns-is-layout-flex\" style=\"border-width:3px\">\n<div class=\"wp-block-column is-vertically-aligned-center is-layout-flow wp-block-column-is-layout-flow\">\n<h2 class=\"wp-block-heading\">3. Einen Fundraiser Leiten<\/h2>\n\n\n\n<p>Werde eine treibende Kraft des Wandels und hinterlasse einen bleibenden Eindruck, indem du eine Spendenaktion f\u00fcr Together4Ghana startest. Dein Engagement f\u00fcr die Spendenaktion ist eine Investition in die Nachhaltigkeit unserer lebensver\u00e4ndernden Projekte, die darauf abzielen, die Gesundheitsversorgung in l\u00e4ndlichen Gebieten Ghanas zu verbessern. Indem du dein Netzwerk und deine Gemeinschaft mobilisierst, hilfst du uns, die notwendigen Ressourcen zu sichern, um unsere Initiativen aufrechtzuerhalten und sicherzustellen, dass lebenswichtige Gesundheitsdienste weiterhin diejenigen erreichen, die sie am dringendsten ben\u00f6tigen. <\/p>\n\n\n\n<p>Deine Spendenaktion geht nicht nur um finanzielle Beitr\u00e4ge; es geht darum, eine gemeinsame Bewegung f\u00fcr positiven Wandel zu schaffen. Ob ein virtuelles Event, ein Spendenlauf oder eine lokale Kampagne \u2013 deine Bem\u00fchungen werden weit \u00fcber das Sammelziel hinaus wirken und einen bleibenden Unterschied im Leben der Menschen machen, die auf unsere Organisation f\u00fcr eine bessere Gesundheitsversorgung angewiesen sind.<\/p>\n\n\n\n<div class=\"wp-block-buttons is-layout-flex wp-block-buttons-is-layout-flex\">\n<div class=\"wp-block-button\"><a class=\"wp-block-button__link has-palette-color-3-color has-palette-color-6-background-color has-text-color has-background wp-element-button\" href=\"https:\/\/together4ghana.org\/get-involved\/start-a-fundraiser\/\" style=\"padding-top:var(--wp--preset--spacing--40);padding-right:var(--wp--preset--spacing--40);padding-bottom:var(--wp--preset--spacing--40);padding-left:var(--wp--preset--spacing--40)\">Fundraiser Starten<\/a><\/div>\n<\/div>\n<\/div>\n\n\n\n<div class=\"wp-block-column is-vertically-aligned-center is-layout-flow wp-block-column-is-layout-flow\">\n<figure class=\"wp-block-image size-full has-custom-border\"><img loading=\"lazy\" decoding=\"async\" width=\"800\" height=\"600\" src=\"https:\/\/together4ghana.org\/wp-content\/uploads\/2023\/03\/perry-grone-lbLgFFlADrY-unsplash-1.jpg\" alt=\"\" class=\"wp-image-1865\" style=\"border-radius:5px\" srcset=\"https:\/\/together4ghana.org\/wp-content\/uploads\/2023\/03\/perry-grone-lbLgFFlADrY-unsplash-1.jpg 800w, https:\/\/together4ghana.org\/wp-content\/uploads\/2023\/03\/perry-grone-lbLgFFlADrY-unsplash-1-300x225.jpg 300w, https:\/\/together4ghana.org\/wp-content\/uploads\/2023\/03\/perry-grone-lbLgFFlADrY-unsplash-1-768x576.jpg 768w\" sizes=\"auto, (max-width: 800px) 100vw, 800px\" \/><\/figure>\n<\/div>\n<\/div>\n\n<div style=\"height:100px\" aria-hidden=\"true\" class=\"wp-block-spacer\"><\/div>\n\n<div class=\"wp-block-columns are-vertically-aligned-center has-palette-color-7-background-color has-background is-layout-flex wp-container-core-columns-is-layout-28f84493 wp-block-columns-is-layout-flex\" style=\"border-width:3px\">\n<div class=\"wp-block-column is-vertically-aligned-center is-layout-flow wp-block-column-is-layout-flow\">\n<figure class=\"wp-block-image size-full has-custom-border\"><img loading=\"lazy\" decoding=\"async\" width=\"800\" height=\"600\" src=\"https:\/\/together4ghana.org\/wp-content\/uploads\/2023\/03\/austin-distel-wD1LRb9OeEo-unsplash.jpg\" alt=\"\" class=\"wp-image-1828\" style=\"border-radius:5px\" srcset=\"https:\/\/together4ghana.org\/wp-content\/uploads\/2023\/03\/austin-distel-wD1LRb9OeEo-unsplash.jpg 800w, https:\/\/together4ghana.org\/wp-content\/uploads\/2023\/03\/austin-distel-wD1LRb9OeEo-unsplash-300x225.jpg 300w, https:\/\/together4ghana.org\/wp-content\/uploads\/2023\/03\/austin-distel-wD1LRb9OeEo-unsplash-768x576.jpg 768w\" sizes=\"auto, (max-width: 800px) 100vw, 800px\" \/><\/figure>\n<\/div>\n\n\n\n<div class=\"wp-block-column is-vertically-aligned-center is-layout-flow wp-block-column-is-layout-flow\">\n<h2 class=\"wp-block-heading\">4. Werde Partner<\/h2>\n\n\n\n<p>Ob ein virtuelles Event, ein Spendenlauf oder eine lokale Kampagne \u2013 deine Bem\u00fchungen werden weit \u00fcber das Sammelziel hinaus wirken und einen bleibenden Unterschied im Leben der Menschen machen, die auf unsere Organisation f\u00fcr eine bessere Gesundheitsversorgung angewiesen sind. Deine Partnerschaft bietet die M\u00f6glichkeit, mit einem dynamischen und engagierten Team zusammenzuarbeiten, das darauf hinarbeitet, die Gesundheitsversorgung in den Afram Plains in Ghana zu verbessern. Durch die Partnerschaft mit unserer Organisation tr\u00e4gst du zur nachhaltigen Gesundheitsentwicklung bei und f\u00f6rderst positiven Wandel. <\/p>\n\n\n\n<p>Als Partner kannst du unsere Initiativen auf vielf\u00e4ltige Weise unterst\u00fctzen, sei es durch die Spende von medizinischen Ger\u00e4ten, finanzielle Hilfe oder das Einbringen von Fachwissen und Ressourcen. Gemeinsam k\u00f6nnen wir nachhaltige und wirkungsvolle L\u00f6sungen schaffen, die Grenzen \u00fcberschreiten und Leben ver\u00e4ndern.<\/p>\n\n\n\n<div class=\"wp-block-buttons is-layout-flex wp-block-buttons-is-layout-flex\">\n<div class=\"wp-block-button\"><a class=\"wp-block-button__link has-palette-color-3-color has-palette-color-5-background-color has-text-color has-background wp-element-button\" style=\"padding-top:var(--wp--preset--spacing--40);padding-right:var(--wp--preset--spacing--40);padding-bottom:var(--wp--preset--spacing--40);padding-left:var(--wp--preset--spacing--40)\">Jetzt Starten<\/a><\/div>\n<\/div>\n<\/div>\n<\/div>\n\n<div style=\"height:200px\" aria-hidden=\"true\" class=\"wp-block-spacer\"><\/div>\n","protected":false},"excerpt":{"rendered":"<p>Wir glauben, dass jeder eine Rolle bei der Schaffung positiver Ver\u00e4nderungen spielen kann, und wir bieten eine Vielzahl von M\u00f6glichkeiten, sich an unserer Mission zu beteiligen.<\/p>\n","protected":false},"author":1,"featured_media":0,"parent":0,"menu_order":0,"comment_status":"closed","ping_status":"closed","template":"","meta":{"_acf_changed":false,"footnotes":""},"class_list":["post-2196","page","type-page","status-publish","hentry"],"blocksy_meta":{"styles_descriptor":{"styles":{"desktop":"","tablet":"","mobile":""},"google_fonts":[],"version":6}},"acf":[],"_links":{"self":[{"href":"https:\/\/together4ghana.org\/de\/wp-json\/wp\/v2\/pages\/2196","targetHints":{"allow":["GET"]}}],"collection":[{"href":"https:\/\/together4ghana.org\/de\/wp-json\/wp\/v2\/pages"}],"about":[{"href":"https:\/\/together4ghana.org\/de\/wp-json\/wp\/v2\/types\/page"}],"author":[{"embeddable":true,"href":"https:\/\/together4ghana.org\/de\/wp-json\/wp\/v2\/users\/1"}],"replies":[{"embeddable":true,"href":"https:\/\/together4ghana.org\/de\/wp-json\/wp\/v2\/comments?post=2196"}],"version-history":[{"count":2,"href":"https:\/\/together4ghana.org\/de\/wp-json\/wp\/v2\/pages\/2196\/revisions"}],"predecessor-version":[{"id":2888,"href":"https:\/\/together4ghana.org\/de\/wp-json\/wp\/v2\/pages\/2196\/revisions\/2888"}],"wp:attachment":[{"href":"https:\/\/together4ghana.org\/de\/wp-json\/wp\/v2\/media?parent=2196"}],"curies":[{"name":"wp","href":"https:\/\/api.w.org\/{rel}","templated":true}]}}