{"id":2199,"date":"2022-12-15T13:14:10","date_gmt":"2022-12-15T12:14:10","guid":{"rendered":"https:\/\/together4ghana.org\/werde-aktiv\/causes\/"},"modified":"2023-03-25T22:10:42","modified_gmt":"2023-03-25T21:10:42","slug":"causes","status":"publish","type":"page","link":"https:\/\/together4ghana.org\/de\/werde-aktiv\/spenden\/causes\/","title":{"rendered":"Initiativen"},"content":{"rendered":"\n<div style=\"height:100px\" aria-hidden=\"true\" class=\"wp-block-spacer\"><\/div>\n\r\n<div class=\"t4g-grid\">\r\n                <div class=\"aligncenter\">\r\n                <div class=\"wp-block-latest-posts__featured-image\">\r\n                                            <div class=\"post-image-container\" style=\"position: relative;\">\r\n                            <div class=\"wp-block-latest-posts__featured-image t4g-block-featured-cause-image__container\">\r\n                                <a href=\"https:\/\/together4ghana.org\/de\/causes\/raeder-fuer-veraenderungen-ein-neuer-outreach-van\/\"><img decoding=\"async\" class=\"t4g-block-featured-cause-image\" src=\"https:\/\/together4ghana.org\/wp-content\/uploads\/2022\/12\/Medical-Outreach-Van.webp\"><\/a>\r\n                            <\/div>\r\n                            <div class=\"t4g-post-categories\">\r\n                                <span class=\"t4g-post-category\">Medizin<\/span> \/ <span class=\"t4g-post-category\">Outreach<\/span>                            <\/div>\r\n                        <\/div>\r\n                                    <\/div>\r\n                <div class=\"t4g-block-featured-cause-content\">\r\n                    <h4 class=\"t4g-post-title\"><a href=\"https:\/\/together4ghana.org\/de\/causes\/raeder-fuer-veraenderungen-ein-neuer-outreach-van\/\">Ein neuer Outreach Van<\/a><\/h4>\r\n\t\t\t\t\t<p class=\"t4g-cause-excerpt\"><p>Stell dir die Wirkung vor, die wir gemeinsam mit der Kampagne &#8222;R\u00e4der f\u00fcr Ver\u00e4nderungen&#8220; erzielen k\u00f6nnen. Mit einem Outreach Van k\u00f6nnen wir noch mehr Menschen in der Gemeinde wichtige Unterst\u00fctzung anbieten. Deine Spende kann uns helfen, diese Vision zu verwirklichen und eine bessere Zukunft f\u00fcr diejenigen zu schaffen, die sie am meisten brauchen. Jeder Cent z\u00e4hlt und jede Spende bewirkt einen Unterschied! Danke, dass du Teil dieser Kampagne sein willst.<\/p>\n<\/p>\r\n                                            <div class=\"has-text-align-center t4g-block-featured-cause-donationbar\">\r\n                            <a class=\"button\" href=\"#XSTTWKJC\" style=\"display: none\"><\/a>\r\n                        <\/div>\r\n                                        <div class=\"is-content-justification-center is-layout-flex wp-container-13 wp-block-buttons\">\r\n                        <div class=\"wp-block-button\">\r\n                            <a class=\"wp-block-button__link wp-element-button\" href=\"https:\/\/together4ghana.org?form=outreach-van\">Donate Now<\/a>\r\n                        <\/div>\r\n                    <\/div>\r\n                <\/div>\r\n            <\/div>\r\n                <div class=\"aligncenter\">\r\n                <div class=\"wp-block-latest-posts__featured-image\">\r\n                                            <div class=\"post-image-container\" style=\"position: relative;\">\r\n                            <div class=\"wp-block-latest-posts__featured-image t4g-block-featured-cause-image__container\">\r\n                                <a href=\"https:\/\/together4ghana.org\/de\/causes\/ausbau-des-operationssaals\/\"><img decoding=\"async\" class=\"t4g-block-featured-cause-image\" src=\"https:\/\/together4ghana.org\/wp-content\/uploads\/2022\/12\/Volunteers-in-Surgical-Theater.webp\"><\/a>\r\n                            <\/div>\r\n                            <div class=\"t4g-post-categories\">\r\n                                <span class=\"t4g-post-category\">Krankenhaus<\/span> \/ <span class=\"t4g-post-category\">Medizin<\/span>                            <\/div>\r\n                        <\/div>\r\n                                    <\/div>\r\n                <div class=\"t4g-block-featured-cause-content\">\r\n                    <h4 class=\"t4g-post-title\"><a href=\"https:\/\/together4ghana.org\/de\/causes\/ausbau-des-operationssaals\/\">Ausbau des Operationssaals!<\/a><\/h4>\r\n\t\t\t\t\t<p class=\"t4g-cause-excerpt\"><p>Unterst\u00fctze uns bei unserer Mission lebensrettende medzinische Versorgung in der Donkorkorm Gemeinde zur Verf\u00fcgung zu stellen. Deine Spende kann uns dabei helfen einen zweiten Operationssaal im Presbyterian Krankenhaus Donkorkrom aufzubauen, wodurch eine schnellere und effizientere Versorgung f\u00fcr die Bedr\u00fcftigen gew\u00e4hrleistet werden kann. Zusammen k\u00f6nnen wir eine bessere Zukunft f\u00fcr alle schaffen.<\/p>\n<\/p>\r\n                                        <div class=\"is-content-justification-center is-layout-flex wp-container-13 wp-block-buttons\">\r\n                        <div class=\"wp-block-button\">\r\n                            <a class=\"wp-block-button__link wp-element-button\" href=\"\">Donate Now<\/a>\r\n                        <\/div>\r\n                    <\/div>\r\n                <\/div>\r\n            <\/div>\r\n                <div class=\"aligncenter\">\r\n                <div class=\"wp-block-latest-posts__featured-image\">\r\n                                            <div class=\"post-image-container\" style=\"position: relative;\">\r\n                            <div class=\"wp-block-latest-posts__featured-image t4g-block-featured-cause-image__container\">\r\n                                <a href=\"https:\/\/together4ghana.org\/de\/causes\/huehnerfarm\/\"><img decoding=\"async\" class=\"t4g-block-featured-cause-image\" src=\"https:\/\/together4ghana.org\/wp-content\/uploads\/2022\/12\/rsz_1chicken-crop-_1_.webp\"><\/a>\r\n                            <\/div>\r\n                            <div class=\"t4g-post-categories\">\r\n                                <span class=\"t4g-post-category\">Waisenhaus<\/span>                            <\/div>\r\n                        <\/div>\r\n                                    <\/div>\r\n                <div class=\"t4g-block-featured-cause-content\">\r\n                    <h4 class=\"t4g-post-title\"><a href=\"https:\/\/together4ghana.org\/de\/causes\/huehnerfarm\/\">H\u00fchnerfarm<\/a><\/h4>\r\n\t\t\t\t\t<p class=\"t4g-cause-excerpt\"><p>Das Donkorkrom-Waisenhaus m\u00f6chte eine H\u00fchnerzucht aufbauen, um den Kindern, die sie betreuen, eine bessere Ern\u00e4hrung zu bieten und eine nachhaltige Einkommensquellen zu schaffen. Die H\u00fchnerfarm wird nicht nur eine kosteng\u00fcnstige Ern\u00e4hrungsquelle sein, sondern auch eine wertvolle Lernm\u00f6glichkeit f\u00fcr die Kinder, um F\u00e4higkeiten im Umgang mit Tieren zu erlernen. Au\u00dferdem kann sich die H\u00fchnerhaltung auch positiv auf die Umwelt auswirken, da sie D\u00fcnger produziert, der als nat\u00fcrlicher D\u00fcnger f\u00fcr den Gem\u00fcsegarten des Waisenhauses verwendet werden kann. Hilf uns, diese wichtige Initiative zu unterst\u00fctzen, indem du noch heute eine Spende leistest!<\/p>\n<\/p>\r\n                                            <div class=\"has-text-align-center t4g-block-featured-cause-donationbar\">\r\n                            <a class=\"button\" href=\"#XSMYKPVD\" style=\"display: none\"><\/a>\r\n                        <\/div>\r\n                                        <div class=\"is-content-justification-center is-layout-flex wp-container-13 wp-block-buttons\">\r\n                        <div class=\"wp-block-button\">\r\n                            <a class=\"wp-block-button__link wp-element-button\" href=\"https:\/\/together4ghana.org?form=chicken-crop\">Donate Now<\/a>\r\n                        <\/div>\r\n                    <\/div>\r\n                <\/div>\r\n            <\/div>\r\n                <div class=\"aligncenter\">\r\n                <div class=\"wp-block-latest-posts__featured-image\">\r\n                                            <div class=\"post-image-container\" style=\"position: relative;\">\r\n                            <div class=\"wp-block-latest-posts__featured-image t4g-block-featured-cause-image__container\">\r\n                                <a href=\"https:\/\/together4ghana.org\/de\/causes\/stipendium-fuer-landaerzte\/\"><img decoding=\"async\" class=\"t4g-block-featured-cause-image\" src=\"https:\/\/together4ghana.org\/wp-content\/uploads\/2022\/12\/Volunteers-in-Surgical-Theater.webp\"><\/a>\r\n                            <\/div>\r\n                            <div class=\"t4g-post-categories\">\r\n                                <span class=\"t4g-post-category\">Krankenhaus<\/span> \/ <span class=\"t4g-post-category\">Medizin<\/span>                            <\/div>\r\n                        <\/div>\r\n                                    <\/div>\r\n                <div class=\"t4g-block-featured-cause-content\">\r\n                    <h4 class=\"t4g-post-title\"><a href=\"https:\/\/together4ghana.org\/de\/causes\/stipendium-fuer-landaerzte\/\">Stipendium f\u00fcr Land\u00e4rzte<\/a><\/h4>\r\n\t\t\t\t\t<p class=\"t4g-cause-excerpt\"><p>M\u00f6chtest du dich f\u00fcr die Gesundheit und das Wohlergehen der l\u00e4ndlichen Gemeinden in Ghana einsetzen? Dann erw\u00e4ge gerne eine Spende f\u00fcr das Stipendienprogramm f\u00fcr Land\u00e4rzte! Deine Spende dient der finanziellen Unterst\u00fctzung von \u00c4rzten, die sich in l\u00e4ndlichen Gebieten engagieren, um den Bewohnern dieser Gemeinden den Zugang zu hochwertigen Gesundheitsdiensten zu erleichtern. Mit deiner Unterst\u00fctzung k\u00f6nnen wir dazu beitragen, den \u00c4rztemangel im l\u00e4ndlichen Ghana zu beheben und gesundheitliche Ungleichheiten abzubauen. Spende noch heute f\u00fcr das Landarzt-Stipendium und hilf uns, etwas zu bewirken!<\/p>\n<\/p>\r\n                                        <div class=\"is-content-justification-center is-layout-flex wp-container-13 wp-block-buttons\">\r\n                        <div class=\"wp-block-button\">\r\n                            <a class=\"wp-block-button__link wp-element-button\" href=\"\">Donate Now<\/a>\r\n                        <\/div>\r\n                    <\/div>\r\n                <\/div>\r\n            <\/div>\r\n                <div class=\"aligncenter\">\r\n                <div class=\"wp-block-latest-posts__featured-image\">\r\n                                            <div class=\"post-image-container\" style=\"position: relative;\">\r\n                            <div class=\"wp-block-latest-posts__featured-image t4g-block-featured-cause-image__container\">\r\n                                <a href=\"https:\/\/together4ghana.org\/de\/causes\/physiozentrum-afraim-plains\/\"><img decoding=\"async\" class=\"t4g-block-featured-cause-image\" src=\"https:\/\/together4ghana.org\/wp-content\/uploads\/2022\/12\/ortho-center.webp\"><\/a>\r\n                            <\/div>\r\n                            <div class=\"t4g-post-categories\">\r\n                                <span class=\"t4g-post-category\">Krankenhaus<\/span> \/ <span class=\"t4g-post-category\">Medizin<\/span>                            <\/div>\r\n                        <\/div>\r\n                                    <\/div>\r\n                <div class=\"t4g-block-featured-cause-content\">\r\n                    <h4 class=\"t4g-post-title\"><a href=\"https:\/\/together4ghana.org\/de\/causes\/physiozentrum-afraim-plains\/\">Zentrum f\u00fcr Physiotherapie<\/a><\/h4>\r\n\t\t\t\t\t<p class=\"t4g-cause-excerpt\"><p>Unterstz\u00fctze gemeinsam mit uns das Donkorkrom Presbyterian Krankenhaus im Bau eines neuen Zentrums f\u00fcr Physiotherpie, um die Gesundheitsversorgung in der Gemeinde zu verbessern. Mit deiner Spende tr\u00e4gst du dazu bei, dass Patienten mit Erkrankungen des Bewegungsapparates mit modernsten Ger\u00e4ten und erfahrenen Therpeuten behandelt werden k\u00f6nnen. Mit deiner Unterst\u00fctzung k\u00f6nnen wir ein modernes Zentrum bauen, das sich direkt auf die Gesundheit und das Wohlbefinden der Patienten und \u00e4lteren Menschen in den Afraim Plains auswirken wird. Unterst\u00fctze diese wichtige Initiative, indem du heute noch eine Spende t\u00e4tigst!<\/p>\n<\/p>\r\n                                            <div class=\"has-text-align-center t4g-block-featured-cause-donationbar\">\r\n                            <a class=\"button\" href=\"#XNZWHTSV\" style=\"display: none\"><\/a>\r\n                        <\/div>\r\n                                        <div class=\"is-content-justification-center is-layout-flex wp-container-13 wp-block-buttons\">\r\n                        <div class=\"wp-block-button\">\r\n                            <a class=\"wp-block-button__link wp-element-button\" href=\"https:\/\/together4ghana.org?form=orthopedic-department\">Donate Now<\/a>\r\n                        <\/div>\r\n                    <\/div>\r\n                <\/div>\r\n            <\/div>\r\n                <div class=\"aligncenter\">\r\n                <div class=\"wp-block-latest-posts__featured-image\">\r\n                                            <div class=\"post-image-container\" style=\"position: relative;\">\r\n                            <div class=\"wp-block-latest-posts__featured-image t4g-block-featured-cause-image__container\">\r\n                                <a href=\"https:\/\/together4ghana.org\/de\/causes\/operationen-fuer-donkorkrom\/\"><img decoding=\"async\" class=\"t4g-block-featured-cause-image\" src=\"https:\/\/together4ghana.org\/wp-content\/uploads\/2022\/12\/Volunteers-in-Surgical-Theater.webp\"><\/a>\r\n                            <\/div>\r\n                            <div class=\"t4g-post-categories\">\r\n                                <span class=\"t4g-post-category\">Krankenhaus<\/span> \/ <span class=\"t4g-post-category\">Medizin<\/span>                            <\/div>\r\n                        <\/div>\r\n                                    <\/div>\r\n                <div class=\"t4g-block-featured-cause-content\">\r\n                    <h4 class=\"t4g-post-title\"><a href=\"https:\/\/together4ghana.org\/de\/causes\/operationen-fuer-donkorkrom\/\">Operationen f\u00fcr Donkorkrom<\/a><\/h4>\r\n\t\t\t\t\t<p class=\"t4g-cause-excerpt\"><p>Helf mit, den bed\u00fcrftigen B\u00fcrgern in der ghanaischen Region Afram Plains im Rahmen dieses Projekts kostenlose chirurgische Hilfe zukommen zu lassen. Mit deiner Unterst\u00fctzung k\u00f6nnen Patienten wichtige chirurgische Eingriffe in Anspruch nehmen, ohne die finanzielle Last tragen zu m\u00fcssen. Deine Spende kann das Leben dieser Menschen entscheidend ver\u00e4ndern und ihre Gesundheit und ihr Wohlbefinden verbessern. Helf uns, eine ges\u00fcndere und widerstandsf\u00e4higere Gemeinschaft aufzubauen, indem du noch heute zu dieser wichtigen Initiative beitr\u00e4gst.<\/p>\n<\/p>\r\n                                        <div class=\"is-content-justification-center is-layout-flex wp-container-13 wp-block-buttons\">\r\n                        <div class=\"wp-block-button\">\r\n                            <a class=\"wp-block-button__link wp-element-button\" href=\"\">Donate Now<\/a>\r\n                        <\/div>\r\n                    <\/div>\r\n                <\/div>\r\n            <\/div>\r\n    <\/div>\r\n\r\n\n\n<div style=\"height:100px\" aria-hidden=\"true\" class=\"wp-block-spacer\"><\/div>\n\n<div class=\"wp-block-cover alignfull add-remove-bottom-space\"><span aria-hidden=\"true\" class=\"wp-block-cover__background has-background-dim\"><\/span><img loading=\"lazy\" decoding=\"async\" width=\"1200\" height=\"800\" class=\"wp-block-cover__image-background wp-image-1825\" alt=\"\" src=\"https:\/\/together4ghana.org\/wp-content\/uploads\/2023\/03\/about-hero-Copy.jpg\" data-object-fit=\"cover\" srcset=\"https:\/\/together4ghana.org\/wp-content\/uploads\/2023\/03\/about-hero-Copy.jpg 1200w, https:\/\/together4ghana.org\/wp-content\/uploads\/2023\/03\/about-hero-Copy-300x200.jpg 300w, https:\/\/together4ghana.org\/wp-content\/uploads\/2023\/03\/about-hero-Copy-1024x683.jpg 1024w, https:\/\/together4ghana.org\/wp-content\/uploads\/2023\/03\/about-hero-Copy-768x512.jpg 768w\" sizes=\"auto, (max-width: 1200px) 100vw, 1200px\" \/><div class=\"wp-block-cover__inner-container is-layout-flow wp-block-cover-is-layout-flow\">\n<div class=\"wp-block-columns is-layout-flex wp-container-core-columns-is-layout-28f84493 wp-block-columns-is-layout-flex\">\n<div class=\"wp-block-column is-layout-flow wp-block-column-is-layout-flow\">\n<div style=\"height:100px\" aria-hidden=\"true\" class=\"wp-block-spacer\"><\/div>\n\n\n\n<h5 class=\"wp-block-heading has-palette-color-1-color has-text-color\">Werde Freiwillige:r<\/h5>\n\n\n\n<h2 class=\"wp-block-heading\">Werde Teil des Netzwerks<\/h2>\n\n\n\n<p>Mach mit und bewirke etwas! Werde freiwilliger Helfer und bringe deine F\u00e4higkeiten in sinnvolle Projekte ein. Dein Engagement hilft uns, positive Ver\u00e4nderungen zu schaffen und unsere Gemeinschaft zu st\u00e4rken. Starte noch heute!<\/p>\n\n\n\n<div class=\"wp-block-buttons is-layout-flex wp-block-buttons-is-layout-flex\">\n<div class=\"wp-block-button\"><a class=\"wp-block-button__link wp-element-button\">Jetzt Bewerben<\/a><\/div>\n<\/div>\n<\/div>\n\n\n\n<div class=\"wp-block-column is-layout-flow wp-block-column-is-layout-flow\">\n<div style=\"height:100px\" aria-hidden=\"true\" class=\"wp-block-spacer\"><\/div>\n<\/div>\n<\/div>\n\n\n\n<div style=\"height:100px\" aria-hidden=\"true\" class=\"wp-block-spacer\"><\/div>\n<\/div><\/div>\n","protected":false},"excerpt":{"rendered":"<p>Indem wir unsere gr\u00f6\u00dferen Projekte in kleinere Initiativen aufteilen, k\u00f6nnen wir unsere Ressourcen und Anstrengungen auf bestimmte Bereiche konzentrieren, die f\u00fcr das Erreichen des Gesamtziels entscheidend sind.<\/p>\n","protected":false},"author":1,"featured_media":0,"parent":2205,"menu_order":0,"comment_status":"closed","ping_status":"closed","template":"","meta":{"_acf_changed":false,"footnotes":""},"class_list":["post-2199","page","type-page","status-publish","hentry"],"blocksy_meta":{"styles_descriptor":{"styles":{"desktop":"","tablet":"","mobile":""},"google_fonts":[],"version":6}},"acf":[],"_links":{"self":[{"href":"https:\/\/together4ghana.org\/de\/wp-json\/wp\/v2\/pages\/2199","targetHints":{"allow":["GET"]}}],"collection":[{"href":"https:\/\/together4ghana.org\/de\/wp-json\/wp\/v2\/pages"}],"about":[{"href":"https:\/\/together4ghana.org\/de\/wp-json\/wp\/v2\/types\/page"}],"author":[{"embeddable":true,"href":"https:\/\/together4ghana.org\/de\/wp-json\/wp\/v2\/users\/1"}],"replies":[{"embeddable":true,"href":"https:\/\/together4ghana.org\/de\/wp-json\/wp\/v2\/comments?post=2199"}],"version-history":[{"count":0,"href":"https:\/\/together4ghana.org\/de\/wp-json\/wp\/v2\/pages\/2199\/revisions"}],"up":[{"embeddable":true,"href":"https:\/\/together4ghana.org\/de\/wp-json\/wp\/v2\/pages\/2205"}],"wp:attachment":[{"href":"https:\/\/together4ghana.org\/de\/wp-json\/wp\/v2\/media?parent=2199"}],"curies":[{"name":"wp","href":"https:\/\/api.w.org\/{rel}","templated":true}]}}