{"id":2202,"date":"2022-12-25T19:06:20","date_gmt":"2022-12-25T18:06:20","guid":{"rendered":"https:\/\/together4ghana.org\/praktika\/"},"modified":"2024-12-10T16:42:32","modified_gmt":"2024-12-10T15:42:32","slug":"praktika","status":"publish","type":"page","link":"https:\/\/together4ghana.org\/de\/werde-aktiv\/freiwilligenarbeit\/praktika\/","title":{"rendered":"Medizinische Praktika"},"content":{"rendered":"\n<div style=\"height:100px\" aria-hidden=\"true\" class=\"wp-block-spacer\"><\/div>\n\n<h3 class=\"wp-block-heading has-palette-color-7-color has-text-color\">Partnerschaft mit Elective Ghana f\u00fcr Medizinische Praktika<\/h3>\n\n<p>Auch wenn wir selbst keine medizinischen Praktika anbieten, wissen wir, wie wichtig es f\u00fcr angehende Mediziner ist, wertvolle Praxiserfahrungen in echten Arbeitsumgebungen zu sammeln. Daher arbeiten wir mit <a href=\"http:\/\/www.electiveghana.org\/\">Elective Ghana<\/a> zusammen \u2013 einer angesehenen Organisation mit langj\u00e4hriger Erfahrung in der Vermittlung von medizinischen Praktika in Ghana.<\/p>\n\n<p>Durch ihre tiefen Kenntnisse des ghanaischen Gesundheitssystems hat Elective Ghana enge Beziehungen zu lokalen Krankenh\u00e4usern, Kliniken und Gesundheitseinrichtungen aufgebaut. Sie bieten Freiwilligen die M\u00f6glichkeit, Praktika zu finden, die ideal zu ihren F\u00e4higkeiten und Interessen passen.<\/p>\n\n<p>Wir m\u00f6chten betonen, dass die Zusammenarbeit mit Elective Ghana keine Voraussetzung f\u00fcr die Teilnahme an unseren Projekten ist. Wir empfehlen es dennoch, da unsere enge Kooperation sicherstellt, dass Freiwillige die n\u00f6tige Unterst\u00fctzung und die richtigen Ressourcen erhalten, um w\u00e4hrend ihres Aufenthalts in Ghana erfolgreich zu sein.<\/p>\n\n<h3 class=\"wp-block-heading has-palette-color-7-color has-text-color\">Die Vorteile eines Praktikums im Donkorkrom Krankenhaus<\/h3>\n\n<p>Ein Praktikum im <a href=\"https:\/\/together4ghana.org\/de\/the-presbyterian-hospital-donkorkrom\/\" data-type=\"post\" data-id=\"2069\">Presbyterian Hospital Donkorkrom<\/a> bietet zahlreiche Vorteile: <\/p>\n\n<ul class=\"wp-block-list\">\n<li>Sie arbeiten mit erfahrenen Gesundheitsexperten zusammen<\/li>\n\n\n\n<li>entwickeln praktische F\u00e4higkeiten und Wissen und beeinflussen das Leben der Patienten positiv<\/li>\n\n\n\n<li>tauchen in die ghanaische Kultur ein<\/li>\n\n\n\n<li>gewinnen Einblicke in die Herausforderungen, denen sich Gesundheitsexperten in Entwicklungsl\u00e4ndern stellen m\u00fcssen.<\/li>\n<\/ul>\n\n<h4 class=\"wp-block-heading has-palette-color-7-color has-text-color\">Voraussetzungen und Bewerbungsprozess f\u00fcr Medizinische Praktika<\/h4>\n\n<p>Um f\u00fcr ein Praktikum im Presbyterian Hospital Donkorkrom in Frage zu kommen, musst du:<\/p>\n\n<ul class=\"wp-block-list\">\n<li>Medizinstudent:In oder Fachkraft mit relevanten Qualifikationen und Erfahrung sein.<\/li>\n\n\n\n<li>Erforderliche Dokumente umfassen ein Empfehlungsschreiben von einem Professor oder Vorgesetzten,<\/li>\n\n\n\n<li>einen Lebenslauf sowie eine Stellungnahme, in der Sie Ihre Ziele und Erwartungen f\u00fcr das Praktikum darlegen.<\/li>\n<\/ul>\n\n<h4 class=\"wp-block-heading has-palette-color-7-color has-text-color\">Reisedokumente, Unterkunft und Unterst\u00fctzung<\/h4>\n\n<p>Dar\u00fcber hinaus m\u00fcssen Sie die notwendigen Reisedokumente wie ein Visum besorgen sowie den Transport und die Unterkunft w\u00e4hrend Ihres Aufenthalts in Ghana organisieren. Unsere Organisation kann diese Logistik erleichtern, indem wir eng mit Elective Ghana zusammenarbeiten, um sicherzustellen, dass Freiwillige eine sichere und bereichernde Erfahrung genie\u00dfen.<\/p>\n\n<h3 class=\"wp-block-heading has-palette-color-7-color has-text-color\">Die Auswirkungen und Belohnungen des Freiwilligendienstes in Ghana<\/h3>\n\n<p>Wir sind fest davon \u00fcberzeugt, dass Freiwilligenarbeit in Ghana eine bereichernde Erfahrung ist, die Einzelpersonen wertvolle F\u00e4higkeiten vermittelt und gleichzeitig die lokalen Gemeinschaften positiv beeinflusst. Wir laden alle Interessierten ein, eine Zusammenarbeit mit unserer Organisation oder Elective Ghana in Betracht zu ziehen. Gemeinsam k\u00f6nnen wir das Leben der Menschen, denen wir dienen, sp\u00fcrbar ver\u00e4ndern.<\/p>\n\n<div class=\"wp-block-buttons is-layout-flex wp-block-buttons-is-layout-flex\">\n<div class=\"wp-block-button\"><a class=\"wp-block-button__link wp-element-button\" href=\"http:\/\/www.electiveghana.org\/medical-electives-and-placements\/\">More Info <\/a><\/div>\n\n\n\n<div class=\"wp-block-button\"><a class=\"wp-block-button__link wp-element-button\" href=\"mailto:electiveinghana@gmail.com\">Get In Touch<\/a><\/div>\n<\/div>\n\n<div style=\"height:100px\" aria-hidden=\"true\" class=\"wp-block-spacer\"><\/div>\n","protected":false},"excerpt":{"rendered":"<p>Wir kooperieren mit Elective Ghana, um wertvolle M\u00f6glichkeiten f\u00fcr diejenigen zu schaffen, die praktische Erfahrungen im Gesundheitswesen sammeln m\u00f6chten. Dank ihrer Expertise und starken lokalen Partnerschaften erhalten Freiwillige die notwendige Unterst\u00fctzung, um w\u00e4hrend ihrer Zeit in Ghana erfolgreich zu sein.<\/p>\n","protected":false},"author":1,"featured_media":2168,"parent":2248,"menu_order":0,"comment_status":"closed","ping_status":"closed","template":"","meta":{"_acf_changed":false,"footnotes":""},"class_list":["post-2202","page","type-page","status-publish","has-post-thumbnail","hentry"],"blocksy_meta":{"styles_descriptor":{"styles":{"desktop":"[data-prefix=\"single_page\"] {background-color:var(--theme-palette-color-6);background-image:none;}","tablet":"","mobile":""},"google_fonts":[],"version":6},"page_structure_type":"type-3","background":{"desktop":{"background_type":"color","background_pattern":"type-1","background_image":{"attachment_id":null,"x":0,"y":0},"gradient":"linear-gradient(135deg,rgba(6,147,227,1) 0%,rgb(155,81,224) 100%)","background_repeat":"repeat","background_size":"auto","background_attachment":"scroll","patternColor":{"default":{"color":"#e5e7ea"}},"overlayColor":{"default":{"color":"CT_CSS_SKIP_RULE"}},"backgroundColor":{"default":{"color":"var(--theme-palette-color-6)"}}},"tablet":{"background_type":"color","background_pattern":"type-1","background_image":{"attachment_id":null,"x":0,"y":0},"gradient":"linear-gradient(135deg,rgba(6,147,227,1) 0%,rgb(155,81,224) 100%)","background_repeat":"repeat","background_size":"auto","background_attachment":"scroll","patternColor":{"default":{"color":"#e5e7ea"}},"overlayColor":{"default":{"color":"CT_CSS_SKIP_RULE"}},"backgroundColor":{"default":{"color":"var(--theme-palette-color-6)"}}},"mobile":{"background_type":"color","background_pattern":"type-1","background_image":{"attachment_id":null,"x":0,"y":0},"gradient":"linear-gradient(135deg,rgba(6,147,227,1) 0%,rgb(155,81,224) 100%)","background_repeat":"repeat","background_size":"auto","background_attachment":"scroll","patternColor":{"default":{"color":"#e5e7ea"}},"overlayColor":{"default":{"color":"CT_CSS_SKIP_RULE"}},"backgroundColor":{"default":{"color":"var(--theme-palette-color-6)"}}},"__changed":[]}},"acf":[],"_links":{"self":[{"href":"https:\/\/together4ghana.org\/de\/wp-json\/wp\/v2\/pages\/2202","targetHints":{"allow":["GET"]}}],"collection":[{"href":"https:\/\/together4ghana.org\/de\/wp-json\/wp\/v2\/pages"}],"about":[{"href":"https:\/\/together4ghana.org\/de\/wp-json\/wp\/v2\/types\/page"}],"author":[{"embeddable":true,"href":"https:\/\/together4ghana.org\/de\/wp-json\/wp\/v2\/users\/1"}],"replies":[{"embeddable":true,"href":"https:\/\/together4ghana.org\/de\/wp-json\/wp\/v2\/comments?post=2202"}],"version-history":[{"count":2,"href":"https:\/\/together4ghana.org\/de\/wp-json\/wp\/v2\/pages\/2202\/revisions"}],"predecessor-version":[{"id":2912,"href":"https:\/\/together4ghana.org\/de\/wp-json\/wp\/v2\/pages\/2202\/revisions\/2912"}],"up":[{"embeddable":true,"href":"https:\/\/together4ghana.org\/de\/wp-json\/wp\/v2\/pages\/2248"}],"wp:featuredmedia":[{"embeddable":true,"href":"https:\/\/together4ghana.org\/de\/wp-json\/wp\/v2\/media\/2168"}],"wp:attachment":[{"href":"https:\/\/together4ghana.org\/de\/wp-json\/wp\/v2\/media?parent=2202"}],"curies":[{"name":"wp","href":"https:\/\/api.w.org\/{rel}","templated":true}]}}